{"id":789,"date":"2025-10-04T02:24:40","date_gmt":"2025-10-03T23:24:40","guid":{"rendered":"https:\/\/www.darmendetox.nl\/?post_type=product&#038;p=789"},"modified":"2025-10-16T22:33:44","modified_gmt":"2025-10-16T19:33:44","slug":"detox-intestinal-d2-70","status":"publish","type":"product","link":"https:\/\/www.darmendetox.nl\/de\/produkt\/detox-intestinal-d2-70\/","title":{"rendered":"Detox Intestinal D2 - 70 Tabletten"},"content":{"rendered":"<div data-elementor-type=\"wp-post\" data-elementor-id=\"789\" class=\"elementor elementor-789\">\n\t\t\t\t<div class=\"elementor-element elementor-element-2aec42c9 e-flex e-con-boxed e-con e-parent\" data-id=\"2aec42c9\" data-element_type=\"container\">\n\t\t\t\t\t<div class=\"e-con-inner\">\n\t\t\t\t<div class=\"elementor-element elementor-element-6a19c04f elementor-widget elementor-widget-text-editor\" data-id=\"6a19c04f\" data-element_type=\"widget\" data-widget_type=\"text-editor.default\">\n\t\t\t\t<div class=\"elementor-widget-container\">\n\t\t\t\t\t\t\t\t\t<p data-start=\"1636\" data-end=\"1769\"><strong data-start=\"1636\" data-end=\"1695\">Detoxing D2 - 70 Tabletten - 2 Wochen-Kr\u00e4ftige Formel, erneuerte Verpackung!<\/strong><br data-start=\"1695\" data-end=\"1698\" \/>Reinigen Sie Ihren K\u00f6rper, unterst\u00fctzen Sie Ihre Verdauung und leben Sie ges\u00fcnder! \ud83c\udf31\u2728<\/p>\r\n<p data-start=\"1636\" data-end=\"1769\"><img loading=\"lazy\" decoding=\"async\" class=\"alignnone size-medium wp-image-1632\" src=\"http:\/\/www.darmendetox.nl\/wp-content\/uploads\/2025\/10\/detoxd2-women-500x500.jpg\" alt=\"\" width=\"500\" height=\"500\" srcset=\"https:\/\/www.darmendetox.nl\/wp-content\/uploads\/2025\/10\/detoxd2-women-500x500.jpg 500w, https:\/\/www.darmendetox.nl\/wp-content\/uploads\/2025\/10\/detoxd2-women-300x300.jpg 300w, https:\/\/www.darmendetox.nl\/wp-content\/uploads\/2025\/10\/detoxd2-women-768x768.jpg 768w, https:\/\/www.darmendetox.nl\/wp-content\/uploads\/2025\/10\/detoxd2-women-12x12.jpg 12w, https:\/\/www.darmendetox.nl\/wp-content\/uploads\/2025\/10\/detoxd2-women-60x60.jpg 60w, https:\/\/www.darmendetox.nl\/wp-content\/uploads\/2025\/10\/detoxd2-women-110x110.jpg 110w, https:\/\/www.darmendetox.nl\/wp-content\/uploads\/2025\/10\/detoxd2-women-600x600.jpg 600w, https:\/\/www.darmendetox.nl\/wp-content\/uploads\/2025\/10\/detoxd2-women-100x100.jpg 100w, https:\/\/www.darmendetox.nl\/wp-content\/uploads\/2025\/10\/detoxd2-women-1x1.jpg 1w, https:\/\/www.darmendetox.nl\/wp-content\/uploads\/2025\/10\/detoxd2-women-10x10.jpg 10w, https:\/\/www.darmendetox.nl\/wp-content\/uploads\/2025\/10\/detoxd2-women.jpg 1024w\" sizes=\"auto, (max-width: 500px) 100vw, 500px\" \/><\/p>\r\n<p data-start=\"1771\" data-end=\"2014\">Detoxing D2 hilft effektiv, den K\u00f6rper von Giftstoffen zu befreien, unterst\u00fctzt die Verdauung und tr\u00e4gt zu einer besseren Gesundheit bei. Mit seiner neu gestalteten Formel und Verpackung ist Detoxing D2 leistungsf\u00e4higer und benutzerfreundlicher als je zuvor!<\/p>\r\n<p data-start=\"2016\" data-end=\"2034\">\u2705 <strong data-start=\"2018\" data-end=\"2032\">Vorteile:<\/strong><\/p>\r\n\r\n<ul data-start=\"2035\" data-end=\"2234\">\r\n \t<li data-start=\"2035\" data-end=\"2093\">\r\n<p data-start=\"2037\" data-end=\"2093\">Unterst\u00fctzt den nat\u00fcrlichen Entgiftungsprozess des K\u00f6rpers.<\/p>\r\n<\/li>\r\n \t<li data-start=\"2094\" data-end=\"2150\">\r\n<p data-start=\"2096\" data-end=\"2150\">F\u00f6rdert eine gesunde Verdauung und Darmfunktion.<\/p>\r\n<\/li>\r\n \t<li data-start=\"2151\" data-end=\"2188\">\r\n<p data-start=\"2153\" data-end=\"2188\">Verleiht mehr Energie und Vitalit\u00e4t.<\/p>\r\n<\/li>\r\n \t<li data-start=\"2189\" data-end=\"2234\">\r\n<p data-start=\"2191\" data-end=\"2234\">Hilft, chronische Symptome zu reduzieren.<\/p>\r\n<\/li>\r\n<\/ul>\r\n<img loading=\"lazy\" decoding=\"async\" class=\"alignnone size-medium wp-image-1705\" src=\"http:\/\/www.darmendetox.nl\/wp-content\/uploads\/2025\/10\/darmen2-500x500.jpg\" alt=\"\" width=\"500\" height=\"500\" srcset=\"https:\/\/www.darmendetox.nl\/wp-content\/uploads\/2025\/10\/darmen2-500x500.jpg 500w, https:\/\/www.darmendetox.nl\/wp-content\/uploads\/2025\/10\/darmen2-300x300.jpg 300w, https:\/\/www.darmendetox.nl\/wp-content\/uploads\/2025\/10\/darmen2-768x768.jpg 768w, https:\/\/www.darmendetox.nl\/wp-content\/uploads\/2025\/10\/darmen2-12x12.jpg 12w, https:\/\/www.darmendetox.nl\/wp-content\/uploads\/2025\/10\/darmen2-600x600.jpg 600w, https:\/\/www.darmendetox.nl\/wp-content\/uploads\/2025\/10\/darmen2-100x100.jpg 100w, https:\/\/www.darmendetox.nl\/wp-content\/uploads\/2025\/10\/darmen2-1x1.jpg 1w, https:\/\/www.darmendetox.nl\/wp-content\/uploads\/2025\/10\/darmen2-10x10.jpg 10w, https:\/\/www.darmendetox.nl\/wp-content\/uploads\/2025\/10\/darmen2.jpg 1024w\" sizes=\"auto, (max-width: 500px) 100vw, 500px\" \/>\r\n<p data-start=\"2236\" data-end=\"2420\">\ud83c\udf3f <strong data-start=\"2239\" data-end=\"2268\">Nat\u00fcrliche Inhaltsstoffe:<\/strong><br data-start=\"2268\" data-end=\"2271\" \/>Chrysantheme, Minze, Bittermelone und andere Kr\u00e4uterextrakte. Diese Mischung ist f\u00fcr ihre positive Wirkung auf die Verdauung und die allgemeine Gesundheit bekannt.<\/p>\r\n<p data-start=\"2422\" data-end=\"2450\">\ud83d\udcdd <strong data-start=\"2425\" data-end=\"2448\">Gebrauchsanweisung:<\/strong><\/p>\r\n\r\n<ul data-start=\"2451\" data-end=\"2676\">\r\n \t<li data-start=\"2451\" data-end=\"2480\">\r\n<p data-start=\"2453\" data-end=\"2480\">Nehmen Sie 5 Tabletten pro Tag.<\/p>\r\n<\/li>\r\n \t<li data-start=\"2481\" data-end=\"2548\">\r\n<p data-start=\"2483\" data-end=\"2548\">Bei Durchfall: Dosis reduzieren, bis die Symptome verschwinden.<\/p>\r\n<\/li>\r\n \t<li data-start=\"2549\" data-end=\"2676\">\r\n<p data-start=\"2551\" data-end=\"2676\">Eine 1-w\u00f6chige Behandlung ist wirksam und zeigt Ergebnisse. F\u00fcr eine vollst\u00e4ndige Reinigung wird eine 1-monatige Behandlung empfohlen.<\/p>\r\n<\/li>\r\n<\/ul>\r\n<p data-start=\"2678\" data-end=\"2702\">\ud83d\udea8 <strong data-start=\"2681\" data-end=\"2700\">Warnungen:<\/strong><\/p>\r\n\r\n<ul data-start=\"2703\" data-end=\"2888\">\r\n \t<li data-start=\"2703\" data-end=\"2771\">\r\n<p data-start=\"2705\" data-end=\"2771\">W\u00e4hrend der Schwangerschaft nicht ohne R\u00fccksprache mit einem Arzt anwenden.<\/p>\r\n<\/li>\r\n \t<li data-start=\"2772\" data-end=\"2811\">\r\n<p data-start=\"2774\" data-end=\"2811\">Au\u00dferhalb der Reichweite von Kindern aufbewahren.<\/p>\r\n<\/li>\r\n \t<li data-start=\"2812\" data-end=\"2888\">\r\n<p data-start=\"2814\" data-end=\"2888\">M\u00f6glicherweise leichte Magenverstimmung oder Durchfall; bei anhaltenden Symptomen absetzen.<\/p>\r\n<\/li>\r\n<\/ul>\r\n<p data-start=\"2890\" data-end=\"2972\">\ud83d\udc49 Beginnen Sie noch heute mit <strong data-start=\"2911\" data-end=\"2926\">Entgiftung D2<\/strong> - ein nat\u00fcrlicher Impuls f\u00fcr Ihre Gesundheit!<\/p>\r\n<p data-start=\"2890\" data-end=\"2972\"><img loading=\"lazy\" decoding=\"async\" class=\"alignnone size-medium wp-image-1706\" src=\"http:\/\/www.darmendetox.nl\/wp-content\/uploads\/2025\/10\/darmen1-500x500.jpg\" alt=\"\" width=\"500\" height=\"500\" srcset=\"https:\/\/www.darmendetox.nl\/wp-content\/uploads\/2025\/10\/darmen1-500x500.jpg 500w, https:\/\/www.darmendetox.nl\/wp-content\/uploads\/2025\/10\/darmen1-300x300.jpg 300w, https:\/\/www.darmendetox.nl\/wp-content\/uploads\/2025\/10\/darmen1-768x768.jpg 768w, https:\/\/www.darmendetox.nl\/wp-content\/uploads\/2025\/10\/darmen1-12x12.jpg 12w, https:\/\/www.darmendetox.nl\/wp-content\/uploads\/2025\/10\/darmen1-600x600.jpg 600w, https:\/\/www.darmendetox.nl\/wp-content\/uploads\/2025\/10\/darmen1-100x100.jpg 100w, https:\/\/www.darmendetox.nl\/wp-content\/uploads\/2025\/10\/darmen1-1x1.jpg 1w, https:\/\/www.darmendetox.nl\/wp-content\/uploads\/2025\/10\/darmen1-10x10.jpg 10w, https:\/\/www.darmendetox.nl\/wp-content\/uploads\/2025\/10\/darmen1.jpg 1024w\" sizes=\"auto, (max-width: 500px) 100vw, 500px\" \/><\/p>\t\t\t\t\t\t\t\t<\/div>\n\t\t\t\t<\/div>\n\t\t\t\t\t<\/div>\n\t\t\t\t<\/div>\n\t\t\t\t<\/div>","protected":false},"excerpt":{"rendered":"<p>Detoxing D2 \u2013 70 Tabletten \u2013 2 weken\u2013Krachtige Formule, Vernieuwde Verpakking!Reinig je lichaam, ondersteun je spijsvertering en leef gezonder! \ud83c\udf31\u2728 Detoxing D2 helpt je lichaam&#8230;<\/p>","protected":false},"featured_media":1614,"comment_status":"open","ping_status":"closed","template":"","meta":{"_acf_changed":false},"etheme_brands":[],"product_brand":[],"product_cat":[17],"product_tag":[],"class_list":{"0":"post-789","1":"product","2":"type-product","3":"status-publish","4":"has-post-thumbnail","6":"product_cat-darmen-detox","8":"first","9":"instock","10":"sale","11":"taxable","12":"shipping-taxable","13":"purchasable","14":"product-type-simple"},"acf":[],"jetpack_sharing_enabled":true,"_links":{"self":[{"href":"https:\/\/www.darmendetox.nl\/de\/wp-json\/wp\/v2\/product\/789","targetHints":{"allow":["GET"]}}],"collection":[{"href":"https:\/\/www.darmendetox.nl\/de\/wp-json\/wp\/v2\/product"}],"about":[{"href":"https:\/\/www.darmendetox.nl\/de\/wp-json\/wp\/v2\/types\/product"}],"replies":[{"embeddable":true,"href":"https:\/\/www.darmendetox.nl\/de\/wp-json\/wp\/v2\/comments?post=789"}],"version-history":[{"count":6,"href":"https:\/\/www.darmendetox.nl\/de\/wp-json\/wp\/v2\/product\/789\/revisions"}],"predecessor-version":[{"id":1724,"href":"https:\/\/www.darmendetox.nl\/de\/wp-json\/wp\/v2\/product\/789\/revisions\/1724"}],"wp:featuredmedia":[{"embeddable":true,"href":"https:\/\/www.darmendetox.nl\/de\/wp-json\/wp\/v2\/media\/1614"}],"wp:attachment":[{"href":"https:\/\/www.darmendetox.nl\/de\/wp-json\/wp\/v2\/media?parent=789"}],"wp:term":[{"taxonomy":"brand","embeddable":true,"href":"https:\/\/www.darmendetox.nl\/de\/wp-json\/wp\/v2\/etheme_brands?post=789"},{"taxonomy":"product_brand","embeddable":true,"href":"https:\/\/www.darmendetox.nl\/de\/wp-json\/wp\/v2\/product_brand?post=789"},{"taxonomy":"product_cat","embeddable":true,"href":"https:\/\/www.darmendetox.nl\/de\/wp-json\/wp\/v2\/product_cat?post=789"},{"taxonomy":"product_tag","embeddable":true,"href":"https:\/\/www.darmendetox.nl\/de\/wp-json\/wp\/v2\/product_tag?post=789"}],"curies":[{"name":"wp","href":"https:\/\/api.w.org\/{rel}","templated":true}]}}