{"id":789,"date":"2025-10-04T02:24:40","date_gmt":"2025-10-03T23:24:40","guid":{"rendered":"https:\/\/www.darmendetox.nl\/?post_type=product&#038;p=789"},"modified":"2025-10-16T22:33:44","modified_gmt":"2025-10-16T19:33:44","slug":"detox-intestinal-d2-70","status":"publish","type":"product","link":"https:\/\/www.darmendetox.nl\/fr\/produit\/detox-intestinal-d2-70\/","title":{"rendered":"Detox Intestinal D2 - 70 Comprim\u00e9s"},"content":{"rendered":"<div data-elementor-type=\"wp-post\" data-elementor-id=\"789\" class=\"elementor elementor-789\">\n\t\t\t\t<div class=\"elementor-element elementor-element-2aec42c9 e-flex e-con-boxed e-con e-parent\" data-id=\"2aec42c9\" data-element_type=\"container\">\n\t\t\t\t\t<div class=\"e-con-inner\">\n\t\t\t\t<div class=\"elementor-element elementor-element-6a19c04f elementor-widget elementor-widget-text-editor\" data-id=\"6a19c04f\" data-element_type=\"widget\" data-widget_type=\"text-editor.default\">\n\t\t\t\t<div class=\"elementor-widget-container\">\n\t\t\t\t\t\t\t\t\t<p data-start=\"1636\" data-end=\"1769\"><strong data-start=\"1636\" data-end=\"1695\">Detoxing D2 - 70 comprim\u00e9s - 2 semaines - Formule puissante, emballage renouvel\u00e9 !<\/strong><br data-start=\"1695\" data-end=\"1698\" \/>Nettoyez votre corps, soutenez votre digestion et vivez plus sainement ! \ud83c\udf31\u2728<\/p>\r\n<p data-start=\"1636\" data-end=\"1769\"><img loading=\"lazy\" decoding=\"async\" class=\"alignnone size-medium wp-image-1632\" src=\"http:\/\/www.darmendetox.nl\/wp-content\/uploads\/2025\/10\/detoxd2-women-500x500.jpg\" alt=\"\" width=\"500\" height=\"500\" srcset=\"https:\/\/www.darmendetox.nl\/wp-content\/uploads\/2025\/10\/detoxd2-women-500x500.jpg 500w, https:\/\/www.darmendetox.nl\/wp-content\/uploads\/2025\/10\/detoxd2-women-300x300.jpg 300w, https:\/\/www.darmendetox.nl\/wp-content\/uploads\/2025\/10\/detoxd2-women-768x768.jpg 768w, https:\/\/www.darmendetox.nl\/wp-content\/uploads\/2025\/10\/detoxd2-women-12x12.jpg 12w, https:\/\/www.darmendetox.nl\/wp-content\/uploads\/2025\/10\/detoxd2-women-60x60.jpg 60w, https:\/\/www.darmendetox.nl\/wp-content\/uploads\/2025\/10\/detoxd2-women-110x110.jpg 110w, https:\/\/www.darmendetox.nl\/wp-content\/uploads\/2025\/10\/detoxd2-women-600x600.jpg 600w, https:\/\/www.darmendetox.nl\/wp-content\/uploads\/2025\/10\/detoxd2-women-100x100.jpg 100w, https:\/\/www.darmendetox.nl\/wp-content\/uploads\/2025\/10\/detoxd2-women-1x1.jpg 1w, https:\/\/www.darmendetox.nl\/wp-content\/uploads\/2025\/10\/detoxd2-women-10x10.jpg 10w, https:\/\/www.darmendetox.nl\/wp-content\/uploads\/2025\/10\/detoxd2-women.jpg 1024w\" sizes=\"auto, (max-width: 500px) 100vw, 500px\" \/><\/p>\r\n<p data-start=\"1771\" data-end=\"2014\">Detoxing D2 aide efficacement votre corps \u00e0 se d\u00e9barrasser des toxines, favorise la digestion et contribue \u00e0 am\u00e9liorer la sant\u00e9. Avec sa formule et son emballage renouvel\u00e9s, Detoxing D2 est plus puissant et plus facile \u00e0 utiliser que jamais !<\/p>\r\n<p data-start=\"2016\" data-end=\"2034\">\u2705 <strong data-start=\"2018\" data-end=\"2032\">Avantages :<\/strong><\/p>\r\n\r\n<ul data-start=\"2035\" data-end=\"2234\">\r\n \t<li data-start=\"2035\" data-end=\"2093\">\r\n<p data-start=\"2037\" data-end=\"2093\">Favorise le processus naturel de d\u00e9sintoxication de l'organisme.<\/p>\r\n<\/li>\r\n \t<li data-start=\"2094\" data-end=\"2150\">\r\n<p data-start=\"2096\" data-end=\"2150\">Favorise une digestion et un transit intestinal sains.<\/p>\r\n<\/li>\r\n \t<li data-start=\"2151\" data-end=\"2188\">\r\n<p data-start=\"2153\" data-end=\"2188\">Donne plus d'\u00e9nergie et de vitalit\u00e9.<\/p>\r\n<\/li>\r\n \t<li data-start=\"2189\" data-end=\"2234\">\r\n<p data-start=\"2191\" data-end=\"2234\">Aide \u00e0 r\u00e9duire les sympt\u00f4mes chroniques.<\/p>\r\n<\/li>\r\n<\/ul>\r\n<img loading=\"lazy\" decoding=\"async\" class=\"alignnone size-medium wp-image-1705\" src=\"http:\/\/www.darmendetox.nl\/wp-content\/uploads\/2025\/10\/darmen2-500x500.jpg\" alt=\"\" width=\"500\" height=\"500\" srcset=\"https:\/\/www.darmendetox.nl\/wp-content\/uploads\/2025\/10\/darmen2-500x500.jpg 500w, https:\/\/www.darmendetox.nl\/wp-content\/uploads\/2025\/10\/darmen2-300x300.jpg 300w, https:\/\/www.darmendetox.nl\/wp-content\/uploads\/2025\/10\/darmen2-768x768.jpg 768w, https:\/\/www.darmendetox.nl\/wp-content\/uploads\/2025\/10\/darmen2-12x12.jpg 12w, https:\/\/www.darmendetox.nl\/wp-content\/uploads\/2025\/10\/darmen2-600x600.jpg 600w, https:\/\/www.darmendetox.nl\/wp-content\/uploads\/2025\/10\/darmen2-100x100.jpg 100w, https:\/\/www.darmendetox.nl\/wp-content\/uploads\/2025\/10\/darmen2-1x1.jpg 1w, https:\/\/www.darmendetox.nl\/wp-content\/uploads\/2025\/10\/darmen2-10x10.jpg 10w, https:\/\/www.darmendetox.nl\/wp-content\/uploads\/2025\/10\/darmen2.jpg 1024w\" sizes=\"auto, (max-width: 500px) 100vw, 500px\" \/>\r\n<p data-start=\"2236\" data-end=\"2420\">\ud83c\udf3f <strong data-start=\"2239\" data-end=\"2268\">Ingr\u00e9dients naturels :<\/strong><br data-start=\"2268\" data-end=\"2271\" \/>Chrysanth\u00e8me, menthe, melon amer et autres extraits de plantes. Ce m\u00e9lange est connu pour ses effets positifs sur la digestion et la sant\u00e9 en g\u00e9n\u00e9ral.<\/p>\r\n<p data-start=\"2422\" data-end=\"2450\">\ud83d\udcdd <strong data-start=\"2425\" data-end=\"2448\">Mode d'emploi :<\/strong><\/p>\r\n\r\n<ul data-start=\"2451\" data-end=\"2676\">\r\n \t<li data-start=\"2451\" data-end=\"2480\">\r\n<p data-start=\"2453\" data-end=\"2480\">Prendre 5 comprim\u00e9s par jour.<\/p>\r\n<\/li>\r\n \t<li data-start=\"2481\" data-end=\"2548\">\r\n<p data-start=\"2483\" data-end=\"2548\">En cas de diarrh\u00e9e : r\u00e9duire la dose jusqu'\u00e0 disparition des sympt\u00f4mes.<\/p>\r\n<\/li>\r\n \t<li data-start=\"2549\" data-end=\"2676\">\r\n<p data-start=\"2551\" data-end=\"2676\">Un traitement d'une semaine est efficace et donne des r\u00e9sultats. Pour un nettoyage complet, une cure d'un mois est recommand\u00e9e.<\/p>\r\n<\/li>\r\n<\/ul>\r\n<p data-start=\"2678\" data-end=\"2702\">\ud83d\udea8 <strong data-start=\"2681\" data-end=\"2700\">Avertissements :<\/strong><\/p>\r\n\r\n<ul data-start=\"2703\" data-end=\"2888\">\r\n \t<li data-start=\"2703\" data-end=\"2771\">\r\n<p data-start=\"2705\" data-end=\"2771\">Ne pas utiliser pendant la grossesse sans avoir consult\u00e9 un m\u00e9decin.<\/p>\r\n<\/li>\r\n \t<li data-start=\"2772\" data-end=\"2811\">\r\n<p data-start=\"2774\" data-end=\"2811\">Tenir hors de port\u00e9e des enfants.<\/p>\r\n<\/li>\r\n \t<li data-start=\"2812\" data-end=\"2888\">\r\n<p data-start=\"2814\" data-end=\"2888\">Possibilit\u00e9 de l\u00e9gers maux d'estomac ou de diarrh\u00e9e ; arr\u00eater si les sympt\u00f4mes persistent.<\/p>\r\n<\/li>\r\n<\/ul>\r\n<p data-start=\"2890\" data-end=\"2972\">\ud83d\udc49 Commencez aujourd'hui avec <strong data-start=\"2911\" data-end=\"2926\">D\u00e9sintoxication D2<\/strong> - un coup de pouce naturel pour votre sant\u00e9 !<\/p>\r\n<p data-start=\"2890\" data-end=\"2972\"><img loading=\"lazy\" decoding=\"async\" class=\"alignnone size-medium wp-image-1706\" src=\"http:\/\/www.darmendetox.nl\/wp-content\/uploads\/2025\/10\/darmen1-500x500.jpg\" alt=\"\" width=\"500\" height=\"500\" srcset=\"https:\/\/www.darmendetox.nl\/wp-content\/uploads\/2025\/10\/darmen1-500x500.jpg 500w, https:\/\/www.darmendetox.nl\/wp-content\/uploads\/2025\/10\/darmen1-300x300.jpg 300w, https:\/\/www.darmendetox.nl\/wp-content\/uploads\/2025\/10\/darmen1-768x768.jpg 768w, https:\/\/www.darmendetox.nl\/wp-content\/uploads\/2025\/10\/darmen1-12x12.jpg 12w, https:\/\/www.darmendetox.nl\/wp-content\/uploads\/2025\/10\/darmen1-600x600.jpg 600w, https:\/\/www.darmendetox.nl\/wp-content\/uploads\/2025\/10\/darmen1-100x100.jpg 100w, https:\/\/www.darmendetox.nl\/wp-content\/uploads\/2025\/10\/darmen1-1x1.jpg 1w, https:\/\/www.darmendetox.nl\/wp-content\/uploads\/2025\/10\/darmen1-10x10.jpg 10w, https:\/\/www.darmendetox.nl\/wp-content\/uploads\/2025\/10\/darmen1.jpg 1024w\" sizes=\"auto, (max-width: 500px) 100vw, 500px\" \/><\/p>\t\t\t\t\t\t\t\t<\/div>\n\t\t\t\t<\/div>\n\t\t\t\t\t<\/div>\n\t\t\t\t<\/div>\n\t\t\t\t<\/div>","protected":false},"excerpt":{"rendered":"<p>Detoxing D2 \u2013 70 Tabletten \u2013 2 weken\u2013Krachtige Formule, Vernieuwde Verpakking!Reinig je lichaam, ondersteun je spijsvertering en leef gezonder! \ud83c\udf31\u2728 Detoxing D2 helpt je lichaam&#8230;<\/p>","protected":false},"featured_media":1614,"comment_status":"open","ping_status":"closed","template":"","meta":{"_acf_changed":false},"etheme_brands":[],"product_brand":[],"product_cat":[17],"product_tag":[],"class_list":{"0":"post-789","1":"product","2":"type-product","3":"status-publish","4":"has-post-thumbnail","6":"product_cat-darmen-detox","8":"first","9":"instock","10":"sale","11":"taxable","12":"shipping-taxable","13":"purchasable","14":"product-type-simple"},"acf":[],"jetpack_sharing_enabled":true,"_links":{"self":[{"href":"https:\/\/www.darmendetox.nl\/fr\/wp-json\/wp\/v2\/product\/789","targetHints":{"allow":["GET"]}}],"collection":[{"href":"https:\/\/www.darmendetox.nl\/fr\/wp-json\/wp\/v2\/product"}],"about":[{"href":"https:\/\/www.darmendetox.nl\/fr\/wp-json\/wp\/v2\/types\/product"}],"replies":[{"embeddable":true,"href":"https:\/\/www.darmendetox.nl\/fr\/wp-json\/wp\/v2\/comments?post=789"}],"version-history":[{"count":6,"href":"https:\/\/www.darmendetox.nl\/fr\/wp-json\/wp\/v2\/product\/789\/revisions"}],"predecessor-version":[{"id":1724,"href":"https:\/\/www.darmendetox.nl\/fr\/wp-json\/wp\/v2\/product\/789\/revisions\/1724"}],"wp:featuredmedia":[{"embeddable":true,"href":"https:\/\/www.darmendetox.nl\/fr\/wp-json\/wp\/v2\/media\/1614"}],"wp:attachment":[{"href":"https:\/\/www.darmendetox.nl\/fr\/wp-json\/wp\/v2\/media?parent=789"}],"wp:term":[{"taxonomy":"brand","embeddable":true,"href":"https:\/\/www.darmendetox.nl\/fr\/wp-json\/wp\/v2\/etheme_brands?post=789"},{"taxonomy":"product_brand","embeddable":true,"href":"https:\/\/www.darmendetox.nl\/fr\/wp-json\/wp\/v2\/product_brand?post=789"},{"taxonomy":"product_cat","embeddable":true,"href":"https:\/\/www.darmendetox.nl\/fr\/wp-json\/wp\/v2\/product_cat?post=789"},{"taxonomy":"product_tag","embeddable":true,"href":"https:\/\/www.darmendetox.nl\/fr\/wp-json\/wp\/v2\/product_tag?post=789"}],"curies":[{"name":"wp","href":"https:\/\/api.w.org\/{rel}","templated":true}]}}